{"id":981,"date":"2021-09-15T00:22:38","date_gmt":"2021-09-15T00:22:38","guid":{"rendered":"https:\/\/d-themes.com\/wordpress\/udesign\/dummy\/build\/?page_id=981"},"modified":"2026-04-20T14:17:52","modified_gmt":"2026-04-20T12:17:52","slug":"kontaktieren-sie-uns","status":"publish","type":"page","link":"https:\/\/wolanski.de\/v2\/kontaktieren-sie-uns\/","title":{"rendered":"Kontakt"},"content":{"rendered":"\t\t<div data-elementor-type=\"wp-page\" data-elementor-id=\"981\" class=\"elementor elementor-981\">\n\t\t\t\t\t\t\t<div class=\" elementor-element elementor-element-a1895f5 e-flex e-con-boxed e-con e-parent\" data-id=\"a1895f5\" data-element_type=\"container\" data-e-type=\"container\">\r\n\t\t\t\t\t\t\t<div class=\"e-con-inner\">\r\n\t\t\t\t\t\t<div class=\"elementor-element elementor-element-4c1c9c7 elementor-widget elementor-widget-udesign_widget_highlight\" data-id=\"4c1c9c7\" data-element_type=\"widget\" data-e-type=\"widget\" data-widget_type=\"udesign_widget_highlight.default\">\n\t\t\t\t\t<h4 class=\"elementor-heading-title highlight-text\"><span class=\" highlight highlight-fill elementor-repeater-item-a8595a0 \">Gemeinsam <\/span><span class=\"\">zu Ihrer <\/span><span class=\" highlight highlight-fill elementor-repeater-item-7565bd6 \">Individuall\u00f6sung<\/span><\/h4>\t\t\t\t<\/div>\n\t\t\t\t\t\t<\/div>\r\n\t\t\t\t\r\n\t\t\t<\/div>\r\n\t\t\t\t\t\t<div class=\" elementor-element elementor-element-e705511 e-grid e-con-boxed e-con e-parent\" data-stretch=\"full\" data-stretch-width=\"0\" data-id=\"e705511\" data-element_type=\"container\" data-e-type=\"container\">\r\n\t\t\t\t\t\t\t<div class=\"e-con-inner\">\r\n\t\t\t\t\t\t<div class=\"elementor-element elementor-element-39dc810 elementor-widget elementor-widget-text-editor\" data-id=\"39dc810\" data-element_type=\"widget\" data-e-type=\"widget\" data-widget_type=\"text-editor.default\">\n\t\t\t\t\t\t\t\t\t<p style=\"text-align: left;\"><span style=\"letter-spacing: -0.14px;\"><img fetchpriority=\"high\" decoding=\"async\" src=\"https:\/\/wolanski.de\/v2\/wp-content\/uploads\/2026\/03\/IMG20260225235430-264x300.png\" alt=\"\" width=\"264\" height=\"300\"><br><\/span><\/p>\n<p data-path-to-node=\"5\">Vielen Dank f\u00fcr Ihr Interesse an einer Zusammenarbeit. Hinter jedem erfolgreichen Projekt steht eine individuelle Planung \u2013 und genau hier setzen wir an. Ganz gleich, ob Sie Unterst\u00fctzung im <b data-path-to-node=\"5\" data-index-in-node=\"191\">Full-Service-Fulfillment<\/b>, pr\u00e4zise L\u00f6sungen in unserem <b data-path-to-node=\"5\" data-index-in-node=\"245\">Lettershop<\/b> oder ma\u00dfgeschneiderte Logistik-Dienstleistungen suchen: Wir sind Ihr Sparringspartner f\u00fcr reibungslose Abl\u00e4ufe.<\/p>\n<p data-path-to-node=\"6\"><b data-path-to-node=\"6\" data-index-in-node=\"0\">Unser Ziel ist es, Ihre Prozesse so effizient zu gestalten, dass Sie sich voll und ganz auf Ihr Kerngesch\u00e4ft konzentrieren k\u00f6nnen, w\u00e4hrend wir im Hintergrund f\u00fcr h\u00f6chste Pr\u00e4zision und Zuverl\u00e4ssigkeit sorgen.<\/b><\/p>\n<p data-path-to-node=\"7\">Nutzen Sie einfach unser Kontaktformular f\u00fcr eine unverbindliche Anfrage. Wir nehmen uns Zeit f\u00fcr Ihr Anliegen und melden uns zeitnah bei Ihnen zur\u00fcck, um die Details pers\u00f6nlich zu besprechen.<\/p>\n<blockquote data-path-to-node=\"8\">\n<p data-path-to-node=\"8,0\"><b data-path-to-node=\"8,0\" data-index-in-node=\"0\">Datenschutz-Hinweis:<\/b> Ihre Angaben sind bei uns in sicheren H\u00e4nden. Wir behandeln Ihre Daten streng vertraulich, nutzen sie ausschlie\u00dflich zur Bearbeitung Ihrer Anfrage und geben sie niemals an Dritte weiter.<\/p>\n<p data-path-to-node=\"8,0\"><b style=\"letter-spacing: -0.14px; background-color: #ffffff;\" data-path-to-node=\"26\" data-index-in-node=\"3\">Telefon:<\/b><span style=\"letter-spacing: -0.14px; background-color: #ffffff;\">&nbsp;+ 49 (0)228 \/ 555 80-0<\/span><br style=\"letter-spacing: -0.14px; background-color: #ffffff;\"><b style=\"letter-spacing: -0.14px; background-color: #ffffff;\" data-path-to-node=\"27\" data-index-in-node=\"3\">E-Mail:<\/b><span style=\"letter-spacing: -0.14px; background-color: #ffffff;\">&nbsp;info@wolanski.de<\/span><\/p>\n<\/blockquote>\t\t\t\t\t\t\t\t<\/div>\n\t\t\t\t<div class=\"elementor-element elementor-element-ed0bfa4 elementor-widget elementor-widget-udesign_widget_contact_form\" data-id=\"ed0bfa4\" data-element_type=\"widget\" data-e-type=\"widget\" data-widget_type=\"udesign_widget_contact_form.default\">\n\t\t\t\t\t\n<div class=\"wpcf7 no-js\" id=\"wpcf7-f8689-o1\" lang=\"de-DE\" dir=\"ltr\" data-wpcf7-id=\"8689\">\n<div class=\"screen-reader-response\"><p role=\"status\" aria-live=\"polite\" aria-atomic=\"true\"><\/p> <ul><\/ul><\/div>\n<form action=\"\/v2\/wp-json\/wp\/v2\/pages\/981#wpcf7-f8689-o1\" method=\"post\" class=\"wpcf7-form init\" aria-label=\"Kontaktformular\" novalidate=\"novalidate\" data-status=\"init\">\n<fieldset class=\"hidden-fields-container\"><input type=\"hidden\" name=\"_wpcf7\" value=\"8689\" \/><input type=\"hidden\" name=\"_wpcf7_version\" value=\"6.1.5\" \/><input type=\"hidden\" name=\"_wpcf7_locale\" value=\"de_DE\" \/><input type=\"hidden\" name=\"_wpcf7_unit_tag\" value=\"wpcf7-f8689-o1\" \/><input type=\"hidden\" name=\"_wpcf7_container_post\" value=\"0\" \/><input type=\"hidden\" name=\"_wpcf7_posted_data_hash\" value=\"\" \/>\n<\/fieldset>\n<p><label> Name\/Firma<br \/>\n<span class=\"wpcf7-form-control-wrap\" data-name=\"your-name\"><input size=\"40\" maxlength=\"400\" class=\"wpcf7-form-control wpcf7-text wpcf7-validates-as-required\" autocomplete=\"name\" aria-required=\"true\" aria-invalid=\"false\" value=\"\" type=\"text\" name=\"your-name\" \/><\/span> <\/label>\n<\/p>\n<p><label> E-Mail-Adresse<br \/>\n<span class=\"wpcf7-form-control-wrap\" data-name=\"your-email\"><input size=\"40\" maxlength=\"400\" class=\"wpcf7-form-control wpcf7-email wpcf7-validates-as-required wpcf7-text wpcf7-validates-as-email\" autocomplete=\"email\" aria-required=\"true\" aria-invalid=\"false\" value=\"\" type=\"email\" name=\"your-email\" \/><\/span> <\/label>\n<\/p>\n<p><label> Telefonnummer:<br \/>\n<span class=\"wpcf7-form-control-wrap\" data-name=\"tel-56\"><input size=\"40\" maxlength=\"400\" class=\"wpcf7-form-control wpcf7-tel wpcf7-text wpcf7-validates-as-tel\" aria-invalid=\"false\" value=\"\" type=\"tel\" name=\"tel-56\" \/><\/span> <\/label>\n<\/p>\n<p><label> Betreff<br \/>\n<span class=\"wpcf7-form-control-wrap\" data-name=\"your-subject\"><input size=\"40\" maxlength=\"400\" class=\"wpcf7-form-control wpcf7-text wpcf7-validates-as-required\" aria-required=\"true\" aria-invalid=\"false\" value=\"\" type=\"text\" name=\"your-subject\" \/><\/span> <\/label>\n<\/p>\n<p><label> Ihre Nachricht<br \/>\n<span class=\"wpcf7-form-control-wrap\" data-name=\"your-message\"><textarea cols=\"40\" rows=\"10\" maxlength=\"2000\" class=\"wpcf7-form-control wpcf7-textarea wpcf7-validates-as-required\" aria-required=\"true\" aria-invalid=\"false\" name=\"your-message\"><\/textarea><\/span> <\/label><br \/>\n<button class=\"wpcf7-form-control wpcf7-submit has-spinner\" type=\"submit\" value=\"Senden\">Senden<\/button><br \/>\n<div id=\"cf7sr-v3-69f347356edbd\"><input type=\"hidden\" name=\"cf7sr-v3-token\" value=\"\"><\/div>\n<\/p><div class=\"wpcf7-response-output\" aria-hidden=\"true\"><\/div>\n<\/form>\n<\/div>\n\t\t\t\t<\/div>\n\t\t\t\t\t\t<\/div>\r\n\t\t\t\t\r\n\t\t\t<\/div>\r\n\t\t\t\t\t\t<div class=\" elementor-element elementor-element-935ba32 e-grid e-con-boxed e-con e-parent\" data-id=\"935ba32\" data-element_type=\"container\" data-e-type=\"container\">\r\n\t\t\t\t\t\t\t<div class=\"e-con-inner\">\r\n\t\t\t\t\t\t<div class=\"elementor-element elementor-element-fe61ea0 elementor-invisible elementor-widget elementor-widget-udesign_widget_iconbox\" data-id=\"fe61ea0\" data-element_type=\"widget\" data-e-type=\"widget\" data-settings=\"{&quot;_animation&quot;:&quot;fadeInLeft&quot;}\" data-widget_type=\"udesign_widget_iconbox.default\">\n\t\t\t\t\t<div class=\"icon-box position-top icon-default icon-box-icon-shadow float\"><div class=\"icon-box-feature\"><i class=\"  u-icon-commercial\"><\/i><\/div><div class=\"icon-box-content\"><h3 class=\"icon-box-title\">Wolanski GmbH<\/h3><p class=\"icon-box-desc\"><span style=\"letter-spacing: -0.14px;\">Ernst-Robert-Curtius-Str. 6, 53117 Bonn<\/span><br style=\"letter-spacing: -0.14px;\">\nTelefon: <a href=\"tel:+49228555800\">+49 (228) 555 80-0<\/a><br>Telefax: <a href=\"fax:+492285558033\">+49 (228) &nbsp;555 80-33<\/a><br style=\"letter-spacing: -0.14px;\"><span style=\"letter-spacing: -0.14px;\">\u00d6ffnungszeiten<\/span><br style=\"letter-spacing: -0.14px;\"><span style=\"letter-spacing: -0.14px;\">Mo. - Do. 8:00 - 17:00 &amp; Fr. 8:00 - 14:00<\/span><\/p><\/div><\/div>\t\t\t\t<\/div>\n\t\t\t\t<div class=\"elementor-element elementor-element-2a897f1 elementor-invisible elementor-widget elementor-widget-udesign_widget_iconbox\" data-id=\"2a897f1\" data-element_type=\"widget\" data-e-type=\"widget\" data-settings=\"{&quot;_animation&quot;:&quot;fadeInRight&quot;}\" data-widget_type=\"udesign_widget_iconbox.default\">\n\t\t\t\t\t<div class=\"icon-box position-top icon-default icon-box-icon-shadow float\"><div class=\"icon-box-feature\"><i class=\"  u-icon-commercial\"><\/i><\/div><div class=\"icon-box-content\"><h3 class=\"icon-box-title\">Wolanski GmbH (Berlin)<\/h3><p class=\"icon-box-desc\">Am Stichkanal 24, 14167 Berlin<br>Telefon: <a href=\"tel:+49308479820\">+49 (30) &nbsp;847 982-0<\/a><br>\nTelefax: <a href=\"fax:+493084798228\">+49 (30) &nbsp;847 982-28<\/a><br>\u00d6ffnungszeiten<br><span style=\"letter-spacing: -0.14px;\">Mo. - Do. 8:00 - 17:00 &amp; Fr. 8:00 - 14:00<\/span><span style=\"letter-spacing: -0.14px;\"><\/span><\/p><\/div><\/div>\t\t\t\t<\/div>\n\t\t\t\t\t\t<\/div>\r\n\t\t\t\t\r\n\t\t\t<\/div>\r\n\t\t\t\t\t\t<div class=\" elementor-element elementor-element-2c7fff2 e-grid e-con-full e-con e-parent\" data-id=\"2c7fff2\" data-element_type=\"container\" data-e-type=\"container\">\r\n\t\t\t\t\t<div class=\"elementor-element elementor-element-4cc745e elementor-widget elementor-widget-google_maps\" data-id=\"4cc745e\" data-element_type=\"widget\" data-e-type=\"widget\" data-widget_type=\"google_maps.default\">\n\t\t\t\t\t\t\t<div class=\"elementor-custom-embed\">\n\t\t\t<iframe loading=\"lazy\"\n\t\t\t\t\tsrc=\"https:\/\/maps.google.com\/maps?q=Wolanski%20GmbH&#038;t=m&#038;z=10&#038;output=embed&#038;iwloc=near\"\n\t\t\t\t\ttitle=\"Wolanski GmbH\"\n\t\t\t\t\taria-label=\"Wolanski GmbH\"\n\t\t\t><\/iframe>\n\t\t<\/div>\n\t\t\t\t\t\t<\/div>\n\t\t\t\t<div class=\"elementor-element elementor-element-1bc2368 elementor-widget elementor-widget-google_maps\" data-id=\"1bc2368\" data-element_type=\"widget\" data-e-type=\"widget\" data-widget_type=\"google_maps.default\">\n\t\t\t\t\t\t\t<div class=\"elementor-custom-embed\">\n\t\t\t<iframe loading=\"lazy\"\n\t\t\t\t\tsrc=\"https:\/\/maps.google.com\/maps?q=Wolanski%20GmbH.%20Am%20Stichkanal%2024%2014167%20Berlin&#038;t=m&#038;z=10&#038;output=embed&#038;iwloc=near\"\n\t\t\t\t\ttitle=\"Wolanski GmbH. Am Stichkanal 24 14167 Berlin\"\n\t\t\t\t\taria-label=\"Wolanski GmbH. Am Stichkanal 24 14167 Berlin\"\n\t\t\t><\/iframe>\n\t\t<\/div>\n\t\t\t\t\t\t<\/div>\n\t\t\r\n\t\t\t<\/div>\r\n\t\t\t\t\t<\/div>\n\t\t","protected":false},"excerpt":{"rendered":"<p>Gemeinsam zu Ihrer Individuall\u00f6sung Vielen Dank f\u00fcr Ihr Interesse an einer Zusammenarbeit. Hinter jedem erfolgreichen Projekt steht eine individuelle Planung \u2013 und genau hier setzen wir an. Ganz gleich, ob Sie Unterst\u00fctzung im Full-Service-Fulfillment, pr\u00e4zise L\u00f6sungen in unserem Lettershop oder ma\u00dfgeschneiderte Logistik-Dienstleistungen suchen: Wir sind Ihr Sparringspartner f\u00fcr reibungslose Abl\u00e4ufe. Unser Ziel ist es, Ihre [&hellip;]<\/p>\n","protected":false},"author":1,"featured_media":0,"parent":0,"menu_order":0,"comment_status":"closed","ping_status":"closed","template":"","meta":{"footnotes":""},"class_list":["post-981","page","type-page","status-publish","hentry"],"_links":{"self":[{"href":"https:\/\/wolanski.de\/v2\/wp-json\/wp\/v2\/pages\/981","targetHints":{"allow":["GET"]}}],"collection":[{"href":"https:\/\/wolanski.de\/v2\/wp-json\/wp\/v2\/pages"}],"about":[{"href":"https:\/\/wolanski.de\/v2\/wp-json\/wp\/v2\/types\/page"}],"author":[{"embeddable":true,"href":"https:\/\/wolanski.de\/v2\/wp-json\/wp\/v2\/users\/1"}],"replies":[{"embeddable":true,"href":"https:\/\/wolanski.de\/v2\/wp-json\/wp\/v2\/comments?post=981"}],"version-history":[{"count":194,"href":"https:\/\/wolanski.de\/v2\/wp-json\/wp\/v2\/pages\/981\/revisions"}],"predecessor-version":[{"id":10387,"href":"https:\/\/wolanski.de\/v2\/wp-json\/wp\/v2\/pages\/981\/revisions\/10387"}],"wp:attachment":[{"href":"https:\/\/wolanski.de\/v2\/wp-json\/wp\/v2\/media?parent=981"}],"curies":[{"name":"wp","href":"https:\/\/api.w.org\/{rel}","templated":true}]}}