{"id":8755,"date":"2026-01-26T10:57:09","date_gmt":"2026-01-26T09:57:09","guid":{"rendered":"https:\/\/www2.wolanski.de\/?page_id=8755"},"modified":"2026-01-26T11:11:41","modified_gmt":"2026-01-26T10:11:41","slug":"impressum","status":"publish","type":"page","link":"https:\/\/wolanski.de\/v2\/impressum\/","title":{"rendered":"Impressum"},"content":{"rendered":"\t\t<div data-elementor-type=\"wp-page\" data-elementor-id=\"8755\" class=\"elementor elementor-8755\">\n\t\t\t\t\t\t\t<div class=\" elementor-element elementor-element-03fd130 e-flex e-con-boxed e-con e-parent\" data-id=\"03fd130\" data-element_type=\"container\" data-e-type=\"container\">\r\n\t\t\t\t\t\t\t<div class=\"e-con-inner\">\r\n\t\t\t\t\t\t\t<div class=\" elementor-element elementor-element-9ede121 e-con-full e-flex e-con e-child\" data-id=\"9ede121\" data-element_type=\"container\" data-e-type=\"container\">\r\n\t\t\t\t\t<div class=\"elementor-element elementor-element-acf6c80 elementor-widget elementor-widget-text-editor\" data-id=\"acf6c80\" data-element_type=\"widget\" data-e-type=\"widget\" data-widget_type=\"text-editor.default\">\n\t\t\t\t\t\t\t\t\t<div class=\"wpb_text_column wpb_content_element \"><div class=\"wpb_wrapper\"><p><b>Wolanski GmbH<\/b><br \/>Ernst-Robert-Curtius-Str. 6<br \/>53117 Bonn-Buschdorf<\/p><p>Telefon:\u00a0<a href=\"https:\/\/web.archive.org\/web\/20250805135328\/tel:+49228555800\">+49 (228) 555 80-0<\/a><br \/>Telefax:\u00a0<a href=\"https:\/\/web.archive.org\/web\/20250805135328\/fax:+492285558033\">+49 (228) 555 80-33<\/a><br \/>E-Mail:\u00a0<a href=\"https:\/\/web.archive.org\/web\/20250805135328\/mailto:info@wolanski.de\">info@wolanski.de<\/a><\/p><p><b>Vertreten durch:<\/b><br \/>Gesch\u00e4ftsf\u00fchrer Ralf Wolanski<\/p><p><strong>Verantwortlich f\u00fcr den Inhalt:<br \/><\/strong>Gesch\u00e4ftsf\u00fchrer Ralf Wolanski<\/p><\/div><\/div><div class=\"wpb_text_column wpb_content_element \"><div class=\"wpb_wrapper\"><p><strong>Bildrechte<br \/><\/strong>Die hier genutzten Fotos sind urheberrechtlich gesch\u00fctzt. F\u00fcr folgendes Bildmaterial haben wir Lizenzen erworben.<\/p><\/div><\/div>\t\t\t\t\t\t\t\t<\/div>\n\t\t\r\n\t\t\t<\/div>\r\n\t\t\t\t\t\t<div class=\" elementor-element elementor-element-762ae1d e-con-full e-flex e-con e-child\" data-id=\"762ae1d\" data-element_type=\"container\" data-e-type=\"container\">\r\n\t\t\t\t\t<div class=\"elementor-element elementor-element-8ca4ff8 elementor-widget elementor-widget-text-editor\" data-id=\"8ca4ff8\" data-element_type=\"widget\" data-e-type=\"widget\" data-widget_type=\"text-editor.default\">\n\t\t\t\t\t\t\t\t\t<p><b>Registereintrag:<br \/><\/b>Rechtsform: Gesellschaft mit beschr\u00e4nkter Haftung<br \/>Registergericht:\u00a0Amtsgericht\u00a0Bonn<br \/>Registernummer:\u00a0HRB 2116<\/p><p><b>Umsatzsteuer-Identifikationsnummer:<br \/><\/b>Umsatzsteuer-Identifikationsnummer gem\u00e4\u00df \u00a727 a<br \/>Umsatzsteuergesetz: DE 169824231<\/p>\t\t\t\t\t\t\t\t<\/div>\n\t\t\r\n\t\t\t<\/div>\r\n\t\t\t\t\t\t\t<\/div>\r\n\t\t\t\t\r\n\t\t\t<\/div>\r\n\t\t\t\t\t\t<div class=\" elementor-element elementor-element-fdd4dac e-grid e-con-boxed e-con e-parent\" data-id=\"fdd4dac\" data-element_type=\"container\" data-e-type=\"container\">\r\n\t\t\t\t\t\t\t<div class=\"e-con-inner\">\r\n\t\t\t\t\t\t<div class=\"elementor-element elementor-element-f2b2cc8 elementor-widget elementor-widget-text-editor\" data-id=\"f2b2cc8\" data-element_type=\"widget\" data-e-type=\"widget\" data-widget_type=\"text-editor.default\">\n\t\t\t\t\t\t\t\t\t<p><strong>Inhalt des Onlineangebotes<\/strong><\/p><p>Der Anbieter dieser Internetseiten hat den Inhalt mit gr\u00f6sstm\u00f6glicher Sorgfalt zusammengestellt. Eine Gew\u00e4hr f\u00fcr die Aktualit\u00e4t, Korrektheit, Vollst\u00e4ndigkeit oder Qualit\u00e4t der bereitgestellten Informationen kann dennoch nicht \u00fcbernommen werden. Haftungsanspr\u00fcche gegen den Anbieter, welche sich auf Sch\u00e4den materieller oder ideeller Art beziehen, die durch die Nutzung oder Nichtnutzung der dargebotenen Informationen bzw. durch die Nutzung fehlerhafter und unvollst\u00e4ndiger Informationen verursacht wurden, sind grunds\u00e4tzlich ausgeschlossen, sofern kein nachweislich vors\u00e4tzliches oder grob fahrl\u00e4ssiges Verschulden vorliegt.<\/p><p>Alle Angebote sind freibleibend und unverbindlich. Der Anbieter dieser Internetseiten beh\u00e4lt sich ausdr\u00fccklich vor, Teile der Seiten oder das gesamte Angebot ohne gesonderte Ank\u00fcndigung zu ver\u00e4ndern, zu erg\u00e4nzen, zu l\u00f6schen oder die Ver\u00f6ffentlichung zeitweise oder endg\u00fcltig einzustellen.<\/p><p><strong>Verweise und Links<br \/><\/strong><br \/>Bei direkten oder indirekten Verweisen auf fremde Internetseiten (\u201eLinks\u201c), die au\u00dferhalb des Verantwortungsbereiches des Anbieters liegen, w\u00fcrde eine Haftungsverpflichtung ausschlie\u00dflich in dem Fall in Kraft treten, in dem der Anbieter von den Inhalten Kenntnis hat und es ihm technisch m\u00f6glich und zumutbar w\u00e4re, die Nutzung im Falle rechtswidriger Inhalte zu verhindern. Der Anbieter erkl\u00e4rt hiermit ausdr\u00fccklich, dass zum Zeitpunkt der Linksetzung keine illegalen Inhalte auf den zu verlinkenden Seiten erkennbar waren. Auf die aktuelle und zuk\u00fcnftige Gestaltung, die Inhalte oder die Urheberschaft der gelinkten\/verkn\u00fcpften Seiten hat der Anbieter keinerlei Einfluss. Deshalb distanziert er sich hiermit ausdr\u00fccklich von allen Inhalten aller gelinkten \/ verkn\u00fcpften Seiten, die nach der Linksetzung ver\u00e4ndert wurden. Diese Feststellung gilt f\u00fcr alle innerhalb des eigenen Internetangebotes gesetzten Links und Verweise sowie f\u00fcr Fremdeintr\u00e4ge von eingerichteten G\u00e4steb\u00fcchern, Diskussionsforen und Mailinglisten. F\u00fcr illegale, fehlerhafte oder unvollst\u00e4ndige Inhalte und insbesondere f\u00fcr Sch\u00e4den, die aus der Nutzung oder Nichtnutzung solcherart dargebotener Informationen entstehen, haftet allein der Anbieter der Seite, auf welche verwiesen wurde, nicht derjenige, der \u00fcber Links auf die jeweilige Ver\u00f6ffentlichung lediglich verweist.<\/p><p><strong>Urheber- und Kennzeichenrecht<br \/><\/strong><br \/>Der Anbieter dieser Website ist bestrebt, in allen Publikationen die Urheberrechte der verwendeten Grafiken, Tondokumente, Videosequenzen und Texte zu beachten, von ihm selbst erstellte Grafiken, Tondokumente, Videosequenzen und Texte zu nutzen oder auf lizenzfreie Grafiken, Tondokumente, Videosequenzen und Texte zur\u00fcckzugreifen. Alle innerhalb des Internetangebotes genannten und ggf. durch Dritte gesch\u00fctzten Marken- und Warenzeichen unterliegen uneingeschr\u00e4nkt den Bestimmungen des jeweils g\u00fcltigen Kennzeichenrechts und den Besitzrechten der jeweiligen eingetragenen Eigent\u00fcmer. Allein aufgrund der blo\u00dfen Nennung ist nicht der Schlu\u00df zu ziehen, dass Markenzeichen nicht durch Rechte Dritter gesch\u00fctzt sind! Das Copyright f\u00fcr ver\u00f6ffentlichte, vom Anbieter selbst erstellte Objekte bleibt allein beim Autor der Seiten. Eine Vervielf\u00e4ltigung oder Verwendung solcher Grafiken, Tondokumente, Videosequenzen und Texte in anderen elektronischen oder gedruckten Publikationen ist ohne ausdr\u00fcckliche Zustimmung nicht gestattet.<\/p><p><strong>Datenschutz<br \/><\/strong><br \/>Die Nutzung unserer Webseite ist in der Regel ohne Angabe personenbezogener Daten m\u00f6glich. Soweit auf unseren Seiten personenbezogene Daten (beispielsweise Name, Anschrift oder eMail-Adressen) erhoben werden, erfolgt dies, soweit m\u00f6glich, stets auf freiwilliger Basis. Diese Daten werden ohne Ihre ausdr\u00fcckliche Zustimmung nicht an Dritte weitergegeben.<\/p><p>Wir weisen darauf hin, dass die Daten\u00fcbertragung im Internet (z.B. bei der Kommunikation per E-Mail) Sicherheitsl\u00fccken aufweisen kann. Ein l\u00fcckenloser Schutz der Daten vor dem Zugriff durch Dritte ist nicht m\u00f6glich.<\/p><p>Der Nutzung von im Rahmen der Impressumspflicht ver\u00f6ffentlichten Kontaktdaten durch Dritte zur \u00dcbersendung von nicht ausdr\u00fccklich angeforderter Werbung und Informationsmaterialien wird hiermit ausdr\u00fccklich widersprochen. Die Betreiber der Seiten behalten sich ausdr\u00fccklich rechtliche Schritte im Falle der unverlangten Zusendung von Werbeinformationen, etwa durch Spam-Mails, vor.<\/p><p><strong>Rechtswirksamkeit dieses Haftungsausschlusses<br \/><\/strong><br \/>Dieser Haftungsausschluss ist als Teil des Internetangebotes zu betrachten, von dem aus auf diese Seite verwiesen wurde. Sofern Teile oder einzelne Formulierungen dieses Textes der geltenden Rechtslage nicht, nicht mehr oder nicht vollst\u00e4ndig entsprechen sollten, bleiben die \u00fcbrigen Teile des Dokumentes in ihrem Inhalt und ihrer G\u00fcltigkeit davon unber\u00fchrt.<\/p>\t\t\t\t\t\t\t\t<\/div>\n\t\t\t\t\t\t<\/div>\r\n\t\t\t\t\r\n\t\t\t<\/div>\r\n\t\t\t\t\t<\/div>\n\t\t","protected":false},"excerpt":{"rendered":"<p>Wolanski GmbHErnst-Robert-Curtius-Str. 653117 Bonn-Buschdorf Telefon:\u00a0+49 (228) 555 80-0Telefax:\u00a0+49 (228) 555 80-33E-Mail:\u00a0info@wolanski.de Vertreten durch:Gesch\u00e4ftsf\u00fchrer Ralf Wolanski Verantwortlich f\u00fcr den Inhalt:Gesch\u00e4ftsf\u00fchrer Ralf Wolanski BildrechteDie hier genutzten Fotos sind urheberrechtlich gesch\u00fctzt. F\u00fcr folgendes Bildmaterial haben wir Lizenzen erworben. Registereintrag:Rechtsform: Gesellschaft mit beschr\u00e4nkter HaftungRegistergericht:\u00a0Amtsgericht\u00a0BonnRegisternummer:\u00a0HRB 2116 Umsatzsteuer-Identifikationsnummer:Umsatzsteuer-Identifikationsnummer gem\u00e4\u00df \u00a727 aUmsatzsteuergesetz: DE 169824231 Inhalt des Onlineangebotes Der Anbieter dieser Internetseiten hat [&hellip;]<\/p>\n","protected":false},"author":1,"featured_media":0,"parent":0,"menu_order":0,"comment_status":"closed","ping_status":"closed","template":"","meta":{"footnotes":""},"class_list":["post-8755","page","type-page","status-publish","hentry"],"_links":{"self":[{"href":"https:\/\/wolanski.de\/v2\/wp-json\/wp\/v2\/pages\/8755","targetHints":{"allow":["GET"]}}],"collection":[{"href":"https:\/\/wolanski.de\/v2\/wp-json\/wp\/v2\/pages"}],"about":[{"href":"https:\/\/wolanski.de\/v2\/wp-json\/wp\/v2\/types\/page"}],"author":[{"embeddable":true,"href":"https:\/\/wolanski.de\/v2\/wp-json\/wp\/v2\/users\/1"}],"replies":[{"embeddable":true,"href":"https:\/\/wolanski.de\/v2\/wp-json\/wp\/v2\/comments?post=8755"}],"version-history":[{"count":10,"href":"https:\/\/wolanski.de\/v2\/wp-json\/wp\/v2\/pages\/8755\/revisions"}],"predecessor-version":[{"id":8771,"href":"https:\/\/wolanski.de\/v2\/wp-json\/wp\/v2\/pages\/8755\/revisions\/8771"}],"wp:attachment":[{"href":"https:\/\/wolanski.de\/v2\/wp-json\/wp\/v2\/media?parent=8755"}],"curies":[{"name":"wp","href":"https:\/\/api.w.org\/{rel}","templated":true}]}}